{"id":272,"date":"2022-02-24T15:43:01","date_gmt":"2022-02-24T14:43:01","guid":{"rendered":"https:\/\/www.strigova.info\/csa\/?page_id=272"},"modified":"2022-02-24T15:43:01","modified_gmt":"2022-02-24T14:43:01","slug":"o-projektu","status":"publish","type":"page","link":"https:\/\/www.strigova.info\/csa\/o-projektu\/","title":{"rendered":"O projektu"},"content":{"rendered":"<section class=\"ffb-id-5dbnutaf fg-section fg-text-dark\"><div class=\"fg-container container fg-container-large fg-container-lvl--1 \"><div class=\"fg-row row    \" ><div class=\"ffb-id-hfrdppe fg-col col-xs-12 col-md-12 fg-text-dark\"><section class=\"ffb-id-qo91o7h section-heading fg-text-dark\"><div class=\"ff-richtext h2 fg-text-dark ffb-h2-1\">\n<p>O projektu<\/p>\n<\/div><\/section><\/div><\/div><\/div><\/section><style>.ffb-id-5dbnutaf{ padding-top: 20px;padding-bottom: 20px;}.ffb-id-qo91o7h .ffb-h2-1{ text-align: left !important;}.ffb-id-qo91o7h .ffb-h2-1 ,.ffb-id-qo91o7h .ffb-h2-1:before,.ffb-id-qo91o7h .ffb-h2-1:after,.ffb-id-qo91o7h .ffb-h2-1:hover,.ffb-id-qo91o7h .ffb-h2-1:focus,.ffb-id-qo91o7h .ffb-h2-1 *,.ffb-id-qo91o7h .ffb-h2-1 *:before,.ffb-id-qo91o7h .ffb-h2-1 *:after,.ffb-id-qo91o7h .ffb-h2-1 *:hover,.ffb-id-qo91o7h .ffb-h2-1 *:focus{ text-align: left !important;}.ffb-id-qo91o7h{ margin-top: 0px;margin-bottom: 0px;padding-top: 20px;padding-bottom: 0px;}<\/style><script type=\"text\/javascript\"><\/script><section class=\"ffb-id-5korbsrs fg-section fg-text-dark\"><div class=\"fg-container container fg-container-large fg-container-lvl--1 \"><div class=\"fg-row row    \" ><div class=\"ffb-id-5korbsrt fg-col col-xs-12 col-md-12 fg-text-dark\"><div class=\"ffb-id-5korc3ad fg-paragraph ff-richtext text-left    fg-text-dark\">\n<h4><strong>CSA &ndash; CycleSeeing Attractour<\/strong><br \/><strong>Prekograni\u010dna suradnja u sklopu Programa Interreg V-A Ma\u0111arska &ndash; Hrvatska 2014-2020.<\/strong><\/h4>\n<p>Vode\u0107i partner: Op\u0107ina &Scaron;trigova<br \/>Partner (HR): Turisti\u010dka zajednica Op\u0107ine &Scaron;trigova<br \/>Partner (HU): Grad Nagykanizsa<\/p>\n<p>Voditelj provedbe projekta: Javna ustanova za razvoj Me\u0111imurske \u017eupanije REDEA<br \/>Podupiraju\u0107i partner (HU): Biciklisti\u010dka udruga Term&aacute;l &Uacute;t Kis-Balaton<br \/>Podupiraju\u0107i partner (HR): Biciklisti\u010dki klub &ldquo;Mura Avantura&rdquo;<\/p>\n<p>Ukupna vrijednost projekta &ndash; 1.463.966,46 EUR<br \/>Op\u0107ina &Scaron;trigova &ndash; 935.323,75 EUR<br \/>Turisti\u010dka zajednica Op\u0107ine &Scaron;trigova &ndash; 64.006,71 EUR<br \/>Grad Nagykanizsa&ndash; 464.636,00 EUR<\/p>\n<p>Vrijeme provedbe projekta: 20 mjeseci<br \/>Po\u010detak provedbe projekta: 1. 9. 2020.<br \/>Zavr&scaron;etak provedbe projekta: 30. 4. 2022.<\/p>\n<p>CSA PROJEKT \u0106E DOPRINIJETI:<br \/>&ndash; izgradit \u0107e se i opremiti Biciklisti\u010dko informativni centar s vidikovcem na Ma\u0111erkinom bregu (HR)<br \/>&ndash; izgradit \u0107e se Eko posjetiteljski centar s pumptrack poligonom u Nagykanizsi (HU)<br \/>&ndash; promovirat \u0107e se pograni\u010dno podru\u010dje kao turisti\u010dka destinacija s aktivnom i atraktivnom sadr\u017eajnom ponudom i izradit \u0107e se zajedni\u010dki<br \/>turisti\u010dki paketi<br \/>&ndash; pobolj&scaron;at \u0107e se prekograni\u010dna povezanost boljim ozna\u010davanjem biciklisti\u010dkih ruta poput EuroVelo13<br \/>&ndash; uvest \u0107e se ETIS sustav za odr\u017eivi destinacijski menad\u017ement<br \/>&ndash; izradit \u0107e se mobilna aplikacija za brojanje dolazaka posjetitelja i njihovog utjecaja na okoli&scaron;<br \/>&ndash; doprinijet \u0107e se stvaranju odr\u017eivog i ekolo&scaron;ki osvije&scaron;tenog prekograni\u010dnog podru\u010dja s o\u010duvanom prirodnom i kulturnom ba&scaron;tinom te<br \/>raznolikim i autenti\u010dnim krajolikom odr\u017eavanjem brojnih kulturno umjetni\u010dkih doga\u0111anja, zajedni\u010dkih sportskih manifestacija za bicikliste,<br \/>djecu, turisti\u010dke stru\u010dnjake i posjetitelje.<\/p>\n<\/div><\/div><\/div><\/div><\/section><style>.ffb-id-5dbnutaf{ \npadding-top: 20px;\npadding-bottom: 20px;\n\n}\n.ffb-id-qo91o7h .ffb-h2-1{ \ntext-align: left !important;\n}\n.ffb-id-qo91o7h .ffb-h2-1 ,\n.ffb-id-qo91o7h .ffb-h2-1:before,\n.ffb-id-qo91o7h .ffb-h2-1:after,\n.ffb-id-qo91o7h .ffb-h2-1:hover,\n.ffb-id-qo91o7h .ffb-h2-1:focus,\n.ffb-id-qo91o7h .ffb-h2-1 *,\n.ffb-id-qo91o7h .ffb-h2-1 *:before,\n.ffb-id-qo91o7h .ffb-h2-1 *:after,\n.ffb-id-qo91o7h .ffb-h2-1 *:hover,\n.ffb-id-qo91o7h .ffb-h2-1 *:focus{ \ntext-align: left !important;\n}\n.ffb-id-qo91o7h{ \nmargin-top: 0px;\nmargin-bottom: 0px;\npadding-top: 20px;\npadding-bottom: 0px;\n\n}\n<\/style><script type=\"text\/javascript\"><\/script>\n","protected":false},"excerpt":{"rendered":"","protected":false},"author":1,"featured_media":0,"parent":0,"menu_order":0,"comment_status":"closed","ping_status":"closed","template":"","meta":{"footnotes":""},"class_list":["post-272","page","type-page","status-publish","hentry","post-wrapper"],"_links":{"self":[{"href":"https:\/\/www.strigova.info\/csa\/wp-json\/wp\/v2\/pages\/272","targetHints":{"allow":["GET"]}}],"collection":[{"href":"https:\/\/www.strigova.info\/csa\/wp-json\/wp\/v2\/pages"}],"about":[{"href":"https:\/\/www.strigova.info\/csa\/wp-json\/wp\/v2\/types\/page"}],"author":[{"embeddable":true,"href":"https:\/\/www.strigova.info\/csa\/wp-json\/wp\/v2\/users\/1"}],"replies":[{"embeddable":true,"href":"https:\/\/www.strigova.info\/csa\/wp-json\/wp\/v2\/comments?post=272"}],"version-history":[{"count":2,"href":"https:\/\/www.strigova.info\/csa\/wp-json\/wp\/v2\/pages\/272\/revisions"}],"predecessor-version":[{"id":775,"href":"https:\/\/www.strigova.info\/csa\/wp-json\/wp\/v2\/pages\/272\/revisions\/775"}],"wp:attachment":[{"href":"https:\/\/www.strigova.info\/csa\/wp-json\/wp\/v2\/media?parent=272"}],"curies":[{"name":"wp","href":"https:\/\/api.w.org\/{rel}","templated":true}]}}