{"id":108,"date":"2021-12-02T10:15:27","date_gmt":"2021-12-02T10:15:27","guid":{"rendered":"https:\/\/www.strigova.info\/csa\/?page_id=108"},"modified":"2022-04-26T12:18:29","modified_gmt":"2022-04-26T11:18:29","slug":"kalkulator-zelenog-otiska","status":"publish","type":"page","link":"https:\/\/www.strigova.info\/csa\/kalkulator-zelenog-otiska\/","title":{"rendered":"Kalkulator zelenog otiska"},"content":{"rendered":"<section class=\"ffb-id-5dbnutaf fg-section fg-text-dark\"><div class=\"fg-container container fg-container-large fg-container-lvl--1 \"><div class=\"fg-row row    \" ><div class=\"ffb-id-hfrdppe fg-col col-xs-12 col-md-12 fg-text-dark\"><section class=\"ffb-id-qo91o7h section-heading fg-text-dark\"><div class=\"ff-richtext h2 fg-text-dark ffb-h2-1\">\n<p>Kako u\u010diniti svoj boravak u destinaciji zelenijim?<\/p>\n<\/div><\/section><\/div><\/div><\/div><\/section><style>.ffb-id-5dbnutaf{ padding-top: 20px;padding-bottom: 20px;}.ffb-id-qo91o7h .ffb-h2-1{ text-align: left !important;}.ffb-id-qo91o7h .ffb-h2-1 ,.ffb-id-qo91o7h .ffb-h2-1:before,.ffb-id-qo91o7h .ffb-h2-1:after,.ffb-id-qo91o7h .ffb-h2-1:hover,.ffb-id-qo91o7h .ffb-h2-1:focus,.ffb-id-qo91o7h .ffb-h2-1 *,.ffb-id-qo91o7h .ffb-h2-1 *:before,.ffb-id-qo91o7h .ffb-h2-1 *:after,.ffb-id-qo91o7h .ffb-h2-1 *:hover,.ffb-id-qo91o7h .ffb-h2-1 *:focus{ text-align: left !important;}.ffb-id-qo91o7h{ margin-top: 0px;margin-bottom: 0px;padding-top: 20px;padding-bottom: 0px;}<\/style><script type=\"text\/javascript\"><\/script><section class=\"ffb-id-hv89ds9 fg-section fg-text-dark\"><div class=\"fg-container container fg-container-large fg-container-lvl--1 \"><div class=\"fg-row row fg-row-no-gutter   \" ><div class=\"ffb-id-5hmdsguh fg-col col-xs-12 fg-text-dark\"><div class=\"ffb-id-5hmdt48h fg-container container fg-container-large fg-container-lvl--2  fg-text-dark\"><div class=\"ffb-id-5hmdtfti fg-row row     fg-text-dark\"><div class=\"ffb-id-hv8aaug fg-col col-xs-12 col-sm-5 col-sm-push-7 fg-text-dark\"><img decoding=\"async\" class=\"ffb-id-5kgmm2e3 fg-image  img-responsive fg-text-dark\" src=\"https:\/\/www.strigova.info\/csa\/wp-content\/uploads\/freshizer\/ad781d6249463a24b59f7a4586f27eb3_eco-g2d3afab50_1280-374-374-c-90.jpg\" alt=\"eco-g2d3afab50_1280\"><\/div><div class=\"ffb-id-hv89dsa fg-col col-xs-12 col-sm-7 col-sm-pull-5 fg-text-dark\"><section class=\"ffb-id-hv8g1uh heading-v1 text-left    fg-text-dark\"><div class=\"heading-v1-subtitle ff-richtext fg-text-dark ffb-sub-title-1\">\n<p><strong>Zeleno je &bdquo;in&ldquo;. Budite i vi odgovorni za destinaciju u kojoj boravite kako bismo je mogli o\u010duvati za sljede\u0107e nara&scaron;taje koji tek dolaze.<\/strong><\/p>\n<\/div><p class=\"heading-v1-text-content  fg-text-dark ffb-paragraph-2\">U vrijeme kada svi tra\u017eimo kvalitetan odmor koji \u0107e nam napuniti baterije, nemojmo zaboraviti da mo\u017eemo pomo\u0107i prirodi da se manje zaga\u0111uje i devastira. Kada stignete u destinaciju za obilazak atrakcija radije odaberite pje\u0161a\u010denje, vo\u017enju biciklom ili javnim prijevozom. <\/p><p class=\"heading-v1-text-content  fg-text-dark ffb-paragraph-3\">Digitalno doba nam omogu\u0107uje manju potrebu za papirom, stoga posjetite web stranice i saznajte sve \u0161to vas zanima o destinaciji. \u0160tedljivo koristite vodu i elektri\u010dnu energiju kako bi sprije\u010dili prekomjernu potro\u0161nju. <\/p><p class=\"heading-v1-text-content  fg-text-dark ffb-paragraph-4\">Posjetite lokalne restorane koji imaju doma\u0107e eko proizvode u svojoj kuhinji i upoznajte se s doma\u0107im tradicionalnim specijalitetima. Ne bacajte sme\u0107e jer za to postoje predvi\u0111ena mjesta za zbrinjavanje u cijeloj destinaciji. O\u010duvajmo prirodu, jer samo tako mo\u017eemo o\u010duvati i nas.<\/p><\/section><\/div><\/div><\/div><\/div><\/div><\/div><\/section><style>.ffb-id-5dbnutaf{ \npadding-top: 20px;\npadding-bottom: 20px;\n\n}\n.ffb-id-qo91o7h .ffb-h2-1{ \ntext-align: left !important;\n}\n.ffb-id-qo91o7h .ffb-h2-1 ,\n.ffb-id-qo91o7h .ffb-h2-1:before,\n.ffb-id-qo91o7h .ffb-h2-1:after,\n.ffb-id-qo91o7h .ffb-h2-1:hover,\n.ffb-id-qo91o7h .ffb-h2-1:focus,\n.ffb-id-qo91o7h .ffb-h2-1 *,\n.ffb-id-qo91o7h .ffb-h2-1 *:before,\n.ffb-id-qo91o7h .ffb-h2-1 *:after,\n.ffb-id-qo91o7h .ffb-h2-1 *:hover,\n.ffb-id-qo91o7h .ffb-h2-1 *:focus{ \ntext-align: left !important;\n}\n.ffb-id-qo91o7h{ \nmargin-top: 0px;\nmargin-bottom: 0px;\npadding-top: 20px;\npadding-bottom: 0px;\n\n}\n.ffb-id-hv89ds9{ margin-right: 0px;margin-left: 0px;padding-top: 40px;}.ffb-id-5hmdt48h{ padding-right: 0px;padding-left: 0px;}.ffb-id-hv8g1uh .ffb-sub-title-1{ color:#65a114;}.ffb-id-hv8g1uh .ffb-sub-title-1 p{ color:#65a114;}.ffb-id-hv8g1uh .ffb-sub-title-1{ margin-bottom: 30px;}.ffb-id-hv8g1uh .ffb-sub-title-1 ,.ffb-id-hv8g1uh .ffb-sub-title-1:before,.ffb-id-hv8g1uh .ffb-sub-title-1:after,.ffb-id-hv8g1uh .ffb-sub-title-1 *,.ffb-id-hv8g1uh .ffb-sub-title-1 *:before,.ffb-id-hv8g1uh .ffb-sub-title-1 *:after{ color: #000000 !important;}.ffb-id-hv8g1uh{ padding-top: 20px;}@media (min-width:992px) { .ffb-id-hv8g1uh{ padding-top: 0px;}}.ffb-id-hv8g1uh{ font-family: 'Open Sans', Arial, sans-serif !important;}.ffb-id-hv8g1uh:before,.ffb-id-hv8g1uh:after,.ffb-id-hv8g1uh:hover,.ffb-id-hv8g1uh:focus,.ffb-id-hv8g1uh *,.ffb-id-hv8g1uh *:before,.ffb-id-hv8g1uh *:after,.ffb-id-hv8g1uh *:hover,.ffb-id-hv8g1uh *:focus{ font-family: 'Open Sans', Arial, sans-serif !important;}<\/style><script type=\"text\/javascript\"><\/script><section class=\"ffb-id-5e02hco4 fg-section fg-text-dark\"><div class=\"fg-container container fg-container-large fg-container-lvl--1 \"><div class=\"fg-row row    \" ><div class=\"ffb-id-5e02hco5 fg-col col-xs-12 fg-text-dark\"><p class=\"ffb-id-5e0aph4n fg-paragraph text-left    fg-text-dark\">\n    <!-- Custom CSS for Quiz -->\n    <style type=\"text\/css\">\n\n    \/* Fixes *\/\n    #advq_quiz_111 ul.advq_question_list {\n        padding:10px 0;\n        margin:0;\n    }\n\n    #advq_quiz_111 {\n        font-family: Open Sans;\n        font-size: 1em;\n        line-height: 1.5em;\n        font-weight: 400;\n        font-style: ;\n    }\n\n    #advq_quiz_111 .advq_button,\n    #advq_quiz_111 .advq_validade_ck,\n    #advq_quiz_111 .advq_next_button,\n    #advq_quiz_111 .advq_start_quiz_button,\n    #advq_quiz_111 .advq-restart,\n    #advq_quiz_111 .advq-restart a {\n        color:#FFFFFF;\n        background-color:rgba(161,209,78,1);\n        font-family: Open Sans;\n    }\n\n    #advq_quiz_111 .advq_button,\n    #advq_quiz_111 .advq_next_button,\n    #advq_quiz_111 .advq_start_quiz_button {\n        font-size: 1em;\n        line-height: 1.5em;\n        font-weight: 400;\n        font-style: ;\n    }\n\n    #advq_quiz_111 .advq_button:hover,\n    #advq_quiz_111 .advq_validade_ck:hover,\n    #advq_quiz_111 .advq_next_button:hover,\n    #advq_quiz_111 .advq_start_quiz_button:hover,\n    #advq_quiz_111 .advq-restart:hover,\n    #advq_quiz_111 .advq-restart a:hover {\n        color:#FFFFFF;\n        background-color:rgba(161,209,78,1);\n    }\n\n    \n\n        #advq_quiz_111 .advq_start_quiz_content_wrap {\n\n            color: rgba(0,0,0,1);\n            font-family: ;\n            font-size: 1.5em;\n            line-height: 1.5em;\n            padding-top: 5px;\n            padding-right: 0px;\n            padding-bottom: 5px;\n            padding-left: 0px;\n            margin-top: 0;\n            margin-right: 0;\n            margin-bottom: 0;\n            margin-left: 0;\n            background-color: rgba(255,255,255,1);\n            font-weight: 400;\n            font-style: ;\n\n        }\n\n        #advq_quiz_111 .advq_start_quiz_content {\n\n\n        }\n\n        #advq_quiz_111 {\n            max-width:100%;\n        }\n        \n    \/* Questions *\/\n    #advq_quiz_111 .advq_question {\n        color: rgba(0,0,0,1);\n        font-family: Open Sans;\n        font-size: 1.5em;\n        line-height: 1.5em;\n        padding-top: 10px;\n        padding-right: 10px;\n        padding-bottom: 10px;\n        padding-left: 10px;\n        background-color: rgba(255,255,255,1);\n        font-weight: 700;\n        font-style: ;\n    }\n    \/* General rule for Answers *\/\n    #advq_quiz_111 .advq_question_container li {\n        font-family: Open Sans;\n        font-size: 1em;\n        line-height: 1.5em;\n        font-weight: 400;\n        font-style: ;\n        padding-top: 10px;\n        padding-right: 10px;\n        padding-bottom: 10px;\n        padding-left: 10px;\n    }\n\n    \/* Normal State *\/\n    #advq_quiz_111 .advq_question_container li.quiz_unselected_answer {\n        background-color: rgba(251,251,251,1);\n        color: rgba(0,0,0,1);\n    }\n    \/* Hover State *\/\n    #advq_quiz_111 .advq_question_container ul.advq_question_list:not(.quiz_question_done) li:hover {\n        background-color: rgba(161,209,78,1);\n        color: rgba(0,0,0,1);\n    }\n    \/* Selected Answer *\/\n    #advq_quiz_111 .advq_question_container  li.quiz_selected_answer {\n        background-color: rgba(207,227,255,1);\n        color: rgba(0,0,0,1);\n    }\n    \/* Correct Answer *\/\n    #advq_quiz_111 .advq_question_container li.quiz_selected_answer.quiz_correct_answer {\n        background-color: rgba(158,208,100,1);\n        color: rgba(0,0,0,1);\n    }\n    \/* Unselected Correct Answer *\/\n    #advq_quiz_111 .advq_question_container li.quiz_unselected_answer.quiz_unselected_correct_answer {\n        background-color: rgba(158,208,100,1);\n        color: rgba(0,0,0,1);\n    }\n    \/* Wrong Answer *\/\n    #advq_quiz_111 .advq_question_container li.quiz_selected_answer.quiz_incorrect_answer {\n        background-color: rgba(243,134,129,1);\n        color: rgba(0,0,0,1);\n    }\n\n    \/* Answer Information *\/\n    #advq_quiz_111 .advq_answer_commentary {\n        background-color: rgba(251,251,251,1);\n        color: rgba(0,0,0,1);\n    }\n\n    \/* Answers Container *\/\n    #advq_quiz_111 .advq_results_wrapper {\n        background-color: rgba(255,255,255,1);\n        color: rgba(0,0,0,1);\n        padding-top: 10px;\n        padding-right: 10px;\n        padding-bottom: 10px;\n        padding-left: 10px;\n        margin-top: 0;\n        margin-right: 0;\n        margin-bottom: 0;\n        margin-left: 0;\n        border:1px solid #f5f5f5;\n    }\n    #advq_quiz_111 .advq_review_answers {\n        padding-top: 10px;\n        padding-right: 10px;\n        padding-bottom: 10px;\n        padding-left: 10px;\n    }\n    \n    <\/style><div style='opacity:0' class='advq_quiz_wrap advq_minimal advq_hasprogbar' data-quiz-id='111' id='advq_quiz_111' data-qtype='count' data-qlayout='minimal' data-unique-visitor='69edccec14814' data-start-time='1777192172' data-options='{\"provide_result\":false,\"allow_change\":false,\"result_position\":\"inline\",\"one_page\":false,\"scroll_to_next\":true,\"progress_bar\":\"top_animate\",\"back_button\":true,\"list_mode\":false,\"relation\":\"AND\",\"answerstags\":false,\"suggestions_method\":\"selected\"}'><div class=\"advq_progress_bar advq_progbar_top advq_progbar_top_animate\" >\n\t\t<div class=\"advq_progress\">\n\t\t<span class=\"progbar_current\"><\/span>\/<span class=\"progbar_total\"><\/span>\n\t\t<\/div><\/div><div class=\"advq_entry_screen\"><div class=\"advq_entry_screen_wrapper advq_entry_screen_content_top-left\"><div class=\"advq_start_quiz_content_wrap\"><span class=\"advq_start_quiz_content\">Budite i vi dio pri\u010de o zelenijem boravku u destinaciji i kliknite na kalkulator ekolo\u0161kog otiska i saznajte koliko ste ekolo\u0161ki osvije\u0161teni.<\/span><\/div><div class=\"advq_start_quiz_button advq_disabled_button\">Pokreni upitnik<\/div><div class=\"advq_start_check\"><label><input name=\"advq_start_quiz_checkbox\" type=\"checkbox\">\u00a0Sla\u017eem se sa <a href=\"https:\/\/www.strigova.info\/csa\/uvjeti-koristenja-i-pravila-privatnosti\/\" target=\"_blank\">Uvjetima kori\u0161tenja i pravilima privatnosti<\/a><\/label><\/div><\/div><\/div><div  data-mandatory=\"1\" class=\"advq_question_container \" ><div class=\"advq_question_wrap\"><div class=\"advq_question\" data-question-id=\"question-1\" >Kada boravite u destinaciji, kakav oblik transporta preferirate za kretanje po destinaciji?<\/div><ul data-priority=\"normal\" data-type=\"radio\" data-relation=\"ignore\" class=\"advq_question_list\" data-question-id=\"question-1\"><li class=\"quiz_unselected_answer\"><input data-value='Hodanje, tr\u010danje, &scaron;etnja, bicikl' data-rule='{}' id='question-1_0' name='question-1' type='radio' data-points='1'> <label for='question-1_0'><span class=\"advq_a_input\"><i class=\"fa fa-square-o\" aria-hidden=\"true\"><\/i><\/span>Hodanje, tr\u010danje, \u0161etnja, bicikl<\/label><\/li><li class=\"quiz_unselected_answer\"><input data-value='Hodanje, tr\u010danje, &scaron;etanja, e-bicikl, autobus ' data-rule='{}' id='question-1_1' name='question-1' type='radio' data-points='2'> <label for='question-1_1'><span class=\"advq_a_input\"><i class=\"fa fa-square-o\" aria-hidden=\"true\"><\/i><\/span>Hodanje, tr\u010danje, \u0161etanja, e-bicikl, autobus <\/label><\/li><li class=\"quiz_unselected_answer\"><input data-value='Auto, taxi' data-rule='{}' id='question-1_2' name='question-1' type='radio' data-points='3'> <label for='question-1_2'><span class=\"advq_a_input\"><i class=\"fa fa-square-o\" aria-hidden=\"true\"><\/i><\/span>Auto, taxi<\/label><\/li><\/ul><\/div><\/div><div  data-mandatory=\"1\" class=\"advq_question_container \" ><div class=\"advq_question_wrap\"><div class=\"advq_question\" data-question-id=\"question-2\" >Voda je jedan od glavnih resursa na Zemlji. Prilikom boravka u destinaciji, kako Vi tro\u0161ite i konzumirate vodu?<\/div><ul data-priority=\"normal\" data-type=\"radio\" data-relation=\"ignore\" class=\"advq_question_list\" data-question-id=\"question-2\"><li class=\"quiz_unselected_answer\"><input data-value='Voda za pi\u0107e iz slavine, tu&scaron;iranje, \u010da&scaron;a vode prilikom pranja zubi, pranje su\u0111a u perilici ' data-rule='{}' id='question-2_0' name='question-2' type='radio' data-points='1'> <label for='question-2_0'><span class=\"advq_a_input\"><i class=\"fa fa-square-o\" aria-hidden=\"true\"><\/i><\/span>Voda za pi\u0107e iz slavine, tu\u0161iranje, \u010da\u0161a vode prilikom pranja zubi, pranje su\u0111a u perilici <\/label><\/li><li class=\"quiz_unselected_answer\"><input data-value='Fla&scaron;irana voda za pi\u0107e, tu&scaron;iranje, zatvaranje vode iz slavine za vrijeme pranja zubi, ru\u010dno pranje su\u0111a s eko sredstvom ' data-rule='{}' id='question-2_1' name='question-2' type='radio' data-points='2'> <label for='question-2_1'><span class=\"advq_a_input\"><i class=\"fa fa-square-o\" aria-hidden=\"true\"><\/i><\/span>Fla\u0161irana voda za pi\u0107e, tu\u0161iranje, zatvaranje vode iz slavine za vrijeme pranja zubi, ru\u010dno pranje su\u0111a s eko sredstvom <\/label><\/li><li class=\"quiz_unselected_answer\"><input data-value='Fla&scaron;irana voda za pi\u0107e, kupanje u kadi, otvorena slavina za vrijeme pranja zubi, pranje su\u0111a sa sredstvima &scaron;tetnima za okoli&scaron;' data-rule='{}' id='question-2_2' name='question-2' type='radio' data-points='3'> <label for='question-2_2'><span class=\"advq_a_input\"><i class=\"fa fa-square-o\" aria-hidden=\"true\"><\/i><\/span>Fla\u0161irana voda za pi\u0107e, kupanje u kadi, otvorena slavina za vrijeme pranja zubi, pranje su\u0111a sa sredstvima \u0161tetnima za okoli\u0161<\/label><\/li><\/ul><\/div><\/div><div  data-mandatory=\"1\" class=\"advq_question_container \" ><div class=\"advq_question_wrap\"><div class=\"advq_question\" data-question-id=\"question-3\" >Kada odlazite na izlet u destinaciji, \u0161to \u010dinite s elektri\u010dnim ure\u0111ajima koji se nalaze u Va\u0161oj sobi\/ apartmanu\/ ku\u0107i za odmor?<\/div><ul data-priority=\"normal\" data-type=\"radio\" data-relation=\"ignore\" class=\"advq_question_list\" data-question-id=\"question-3\"><li class=\"quiz_unselected_answer\"><input data-value='Elektri\u010dni ure\u0111aji isklju\u010deni iz uti\u010dnice, racionalno kori&scaron;tenje rasvjete i ure\u0111aja za hla\u0111enje\/grijanje' data-rule='{}' id='question-3_0' name='question-3' type='radio' data-points='1'> <label for='question-3_0'><span class=\"advq_a_input\"><i class=\"fa fa-square-o\" aria-hidden=\"true\"><\/i><\/span>Elektri\u010dni ure\u0111aji isklju\u010deni iz uti\u010dnice, racionalno kori\u0161tenje rasvjete i ure\u0111aja za hla\u0111enje\/grijanje<\/label><\/li><li class=\"quiz_unselected_answer\"><input data-value='Elektri\u010dni ure\u0111aju su uga&scaron;eni, ali nisu isklju\u010deni iz uti\u010dnice, kori&scaron;tenje rasvjete i ure\u0111aja za hla\u0111enje\/grijanje prema potrebi' data-rule='{}' id='question-3_1' name='question-3' type='radio' data-points='2'> <label for='question-3_1'><span class=\"advq_a_input\"><i class=\"fa fa-square-o\" aria-hidden=\"true\"><\/i><\/span>Elektri\u010dni ure\u0111aju su uga\u0161eni, ali nisu isklju\u010deni iz uti\u010dnice, kori\u0161tenje rasvjete i ure\u0111aja za hla\u0111enje\/grijanje prema potrebi<\/label><\/li><li class=\"quiz_unselected_answer\"><input data-value='Elektri\u010dni aparati, svijetla, ure\u0111aji za hla\u0111enje grijanje su uklju\u010deno za vrijeme odsutnosti' data-rule='{}' id='question-3_2' name='question-3' type='radio' data-points='3'> <label for='question-3_2'><span class=\"advq_a_input\"><i class=\"fa fa-square-o\" aria-hidden=\"true\"><\/i><\/span>Elektri\u010dni aparati, svijetla, ure\u0111aji za hla\u0111enje grijanje su uklju\u010deno za vrijeme odsutnosti<\/label><\/li><\/ul><\/div><\/div><div  data-mandatory=\"1\" class=\"advq_question_container \" ><div class=\"advq_question_wrap\"><div class=\"advq_question\" data-question-id=\"question-4\" >Tijekom boravka u destinaciji, kako birate hranu koju konzumirate i kako se odnosite prema njoj?<\/div><ul data-priority=\"normal\" data-type=\"radio\" data-relation=\"ignore\" class=\"advq_question_list\" data-question-id=\"question-4\"><li class=\"quiz_unselected_answer\"><input data-value='Namirnice i hrana kupljene kod lokalnih proizvo\u0111a\u010da, ostaci namirnica poput kore ili ljuske bacaju se u kompost, nije pripremljeno vi&scaron;ka hrane' data-rule='{}' id='question-4_0' name='question-4' type='radio' data-points='1'> <label for='question-4_0'><span class=\"advq_a_input\"><i class=\"fa fa-square-o\" aria-hidden=\"true\"><\/i><\/span>Namirnice i hrana kupljene kod lokalnih proizvo\u0111a\u010da, ostaci namirnica poput kore ili ljuske bacaju se u kompost, nije pripremljeno vi\u0161ka hrane<\/label><\/li><li class=\"quiz_unselected_answer\"><input data-value='Konzumiranje hrane u restoranu, namirnice i hrana iz supermarketa kupljene u ambala\u017ei za vi&scaron;ekratnu upotrebu, kori&scaron;tenje platnene vre\u0107ice' data-rule='{}' id='question-4_1' name='question-4' type='radio' data-points='2'> <label for='question-4_1'><span class=\"advq_a_input\"><i class=\"fa fa-square-o\" aria-hidden=\"true\"><\/i><\/span>Konzumiranje hrane u restoranu, namirnice i hrana iz supermarketa kupljene u ambala\u017ei za vi\u0161ekratnu upotrebu, kori\u0161tenje platnene vre\u0107ice<\/label><\/li><li class=\"quiz_unselected_answer\"><input data-value='Namirnice i hrana kupljene u plasti\u010dnim vre\u0107icama i pakiranjima, dostavljena hrana iz restorana u jednokratnoj ambala\u017ei, bacanje vi&scaron;ka hrane' data-rule='{}' id='question-4_2' name='question-4' type='radio' data-points='3'> <label for='question-4_2'><span class=\"advq_a_input\"><i class=\"fa fa-square-o\" aria-hidden=\"true\"><\/i><\/span>Namirnice i hrana kupljene u plasti\u010dnim vre\u0107icama i pakiranjima, dostavljena hrana iz restorana u jednokratnoj ambala\u017ei, bacanje vi\u0161ka hrane<\/label><\/li><\/ul><\/div><\/div><div  data-mandatory=\"1\" class=\"advq_question_container \" ><div class=\"advq_question_wrap\"><div class=\"advq_question\" data-question-id=\"question-5\" >Svakodnevno se stvaraju velike koli\u010dine otpada i sme\u0107a \u010dime se one\u010di\u0161\u0107uje okoli\u0161. Kako se Vi pona\u0161ate u destinaciji tijekom boravka po pitanju odlaganja otpada i sme\u0107a? <\/div><ul data-priority=\"normal\" data-type=\"radio\" data-relation=\"ignore\" class=\"advq_question_list\" data-question-id=\"question-5\"><li class=\"quiz_unselected_answer\"><input data-value='Razvrstavanje i recikliranje otpada' data-rule='{}' id='question-5_0' name='question-5' type='radio' data-points='1'> <label for='question-5_0'><span class=\"advq_a_input\"><i class=\"fa fa-square-o\" aria-hidden=\"true\"><\/i><\/span>Razvrstavanje i recikliranje otpada<\/label><\/li><li class=\"quiz_unselected_answer\"><input data-value='Razvrstavanje otpada' data-rule='{}' id='question-5_1' name='question-5' type='radio' data-points='2'> <label for='question-5_1'><span class=\"advq_a_input\"><i class=\"fa fa-square-o\" aria-hidden=\"true\"><\/i><\/span>Razvrstavanje otpada<\/label><\/li><li class=\"quiz_unselected_answer\"><input data-value='Bacanje sme\u0107a u prirodu' data-rule='{}' id='question-5_2' name='question-5' type='radio' data-points='3'> <label for='question-5_2'><span class=\"advq_a_input\"><i class=\"fa fa-square-o\" aria-hidden=\"true\"><\/i><\/span>Bacanje sme\u0107a u prirodu<\/label><\/li><\/ul><\/div><\/div><div class=\"advq_before_results\"><div class=\"advq_checkanswers \">\n\t\t<div class=\"advq_button\">Check Answers<\/div>\n        <div class=\"advq_warning\"><\/div>\n\t<\/div><\/div><div class=\"advq_results_wrapper\"><div style=\"display:none;\" class=\"advq_results_title\">Va\u0161 rezultat:<\/div><div style=\"display:none;\" class=\"advq_no_results\"><div class=\"advq_no_results_title\">Sorry, no results found.<\/div>Please repeat the quiz and try different answer combinations.<\/div><div style=\"display:none;\" data-up-to=\"5\" class=\"advq_feedback_box\" id=\"advq_feedback_1650970477\" data-title=\"\" data-unique-id=\"feedback_1650970477\" data-tag=\"\" data-redirect=\"\">\n\t\t\t\t\t\t<div class=\"advq_feedback_title\"><\/div><div class=\"advq_feedback_image\"><figure><img decoding=\"async\" src=\"https:\/\/www.strigova.info\/csa\/wp-content\/uploads\/2022\/04\/smiley-green.png\"><figure><\/div><div class=\"advq_feedback_description\">Va\u0161 ekolo\u0161ki otisak je pohvalan, ispod prihvatljivog prosjeka globalnog hektara po stanovniku <\/div><\/div><div style=\"display:none;\" data-up-to=\"10\" class=\"advq_feedback_box\" id=\"advq_feedback_1650970520\" data-title=\"\" data-unique-id=\"feedback_1650970520\" data-tag=\"\" data-redirect=\"\">\n\t\t\t\t\t\t<div class=\"advq_feedback_title\"><\/div><div class=\"advq_feedback_image\"><figure><img decoding=\"async\" src=\"https:\/\/www.strigova.info\/csa\/wp-content\/uploads\/2022\/04\/smiley-yellow.png\"><figure><\/div><div class=\"advq_feedback_description\">Va\u0161 ekolo\u0161ki otisak je prihvatljiv, u prosjeku s propisanim globalnim hektarom po stanovniku <\/div><\/div><div style=\"display:none;\" data-up-to=\"15\" class=\"advq_feedback_box\" id=\"advq_feedback_1650970550\" data-title=\"\" data-unique-id=\"feedback_1650970550\" data-tag=\"\" data-redirect=\"\">\n\t\t\t\t\t\t<div class=\"advq_feedback_title\"><\/div><div class=\"advq_feedback_image\"><figure><img decoding=\"async\" src=\"https:\/\/www.strigova.info\/csa\/wp-content\/uploads\/2022\/04\/smiley-red.png\"><figure><\/div><div class=\"advq_feedback_description\">Va\u0161 ekolo\u0161ki otisak je za upozorenje, iznad prihvatljivog prosjeka globalnog hektara po stanovniku <\/div><\/div><div class=\"advq_after_results_end\"><h4>SUDJELUJTE U FOTO NATJE\u010cAJU I OSVOJITE VRIJEDNE NAGRADE!<\/h4><\/br>\r\n\r\n[forminator_form id=\"258\"]\r\n\r\n<p>Sudjelovanjem u ovom Natje\u010daju pristajete na davanje dozvole Turisti\u010dkoj zajednici Op\u0107ine \u0160trigova i gradu Nagykanizsi na kori\u0161tenje fotografija u promotivne svrhe s naznakom imena autora.<\/p><\/br><\/div>\n                <div class=\"advq-restart\">\n                    <a href=\"\/csa\/wp-json\/wp\/v2\/pages\/108\" title=\"Ponovi upitnik\"><i class=\"fa fa-refresh\" aria-hidden=\"true\"><\/i> <span>Ponovi upitnik<\/span><\/a>\n                <\/div><\/div><!-- Closing div for results --><!-- Custom Javascript for Quiz -->\n\t\t<script type='text\/javascript'>\n\t\tjQuery(\".advq_question_wrap li\").on(\"click\",function(){setTimeout(function(){ jQuery('.advq_after_results_end input, .advq_after_results_end button').removeAttr('disabled');},1000)});\n\t\t<\/script><\/div><!-- Closing div for quiz --><\/p><\/div><\/div><\/div><\/section><style>.ffb-id-hv89ds9{ \nmargin-right: 0px;\nmargin-left: 0px;\npadding-top: 40px;\n\n}\n.ffb-id-5hmdt48h{ \npadding-right: 0px;\npadding-left: 0px;\n\n}\n.ffb-id-hv8g1uh .ffb-sub-title-1{ \ncolor:#65a114;\n}\n.ffb-id-hv8g1uh .ffb-sub-title-1 p{ \ncolor:#65a114;\n}\n.ffb-id-hv8g1uh .ffb-sub-title-1{ \nmargin-bottom: 30px;\n\n}\n.ffb-id-hv8g1uh .ffb-sub-title-1 ,\n.ffb-id-hv8g1uh .ffb-sub-title-1:before,\n.ffb-id-hv8g1uh .ffb-sub-title-1:after,\n.ffb-id-hv8g1uh .ffb-sub-title-1 *,\n.ffb-id-hv8g1uh .ffb-sub-title-1 *:before,\n.ffb-id-hv8g1uh .ffb-sub-title-1 *:after{ \ncolor: #000000 !important;\n}\n.ffb-id-hv8g1uh{ \npadding-top: 20px;\n\n}\n@media (min-width:992px) { \n.ffb-id-hv8g1uh{ \npadding-top: 0px;\n\n}\n}.ffb-id-hv8g1uh{ \nfont-family: 'Open Sans', Arial, sans-serif !important;\n}\n.ffb-id-hv8g1uh:before,\n.ffb-id-hv8g1uh:after,\n.ffb-id-hv8g1uh:hover,\n.ffb-id-hv8g1uh:focus,\n.ffb-id-hv8g1uh *,\n.ffb-id-hv8g1uh *:before,\n.ffb-id-hv8g1uh *:after,\n.ffb-id-hv8g1uh *:hover,\n.ffb-id-hv8g1uh *:focus{ \nfont-family: 'Open Sans', Arial, sans-serif !important;\n}\n.ffb-id-5e02hco4{ padding-right: 0px;padding-left: 0px;}<\/style><script type=\"text\/javascript\"><\/script>\n","protected":false},"excerpt":{"rendered":"","protected":false},"author":1,"featured_media":0,"parent":0,"menu_order":0,"comment_status":"closed","ping_status":"closed","template":"","meta":{"footnotes":""},"class_list":["post-108","page","type-page","status-publish","hentry","post-wrapper"],"_links":{"self":[{"href":"https:\/\/www.strigova.info\/csa\/wp-json\/wp\/v2\/pages\/108","targetHints":{"allow":["GET"]}}],"collection":[{"href":"https:\/\/www.strigova.info\/csa\/wp-json\/wp\/v2\/pages"}],"about":[{"href":"https:\/\/www.strigova.info\/csa\/wp-json\/wp\/v2\/types\/page"}],"author":[{"embeddable":true,"href":"https:\/\/www.strigova.info\/csa\/wp-json\/wp\/v2\/users\/1"}],"replies":[{"embeddable":true,"href":"https:\/\/www.strigova.info\/csa\/wp-json\/wp\/v2\/comments?post=108"}],"version-history":[{"count":3,"href":"https:\/\/www.strigova.info\/csa\/wp-json\/wp\/v2\/pages\/108\/revisions"}],"predecessor-version":[{"id":1224,"href":"https:\/\/www.strigova.info\/csa\/wp-json\/wp\/v2\/pages\/108\/revisions\/1224"}],"wp:attachment":[{"href":"https:\/\/www.strigova.info\/csa\/wp-json\/wp\/v2\/media?parent=108"}],"curies":[{"name":"wp","href":"https:\/\/api.w.org\/{rel}","templated":true}]}}